{"id":4901,"date":"2025-09-16T11:47:23","date_gmt":"2025-09-16T09:47:23","guid":{"rendered":"https:\/\/tuincentrumdrunen.nl\/product\/moerings-vijverlava-15-liter\/"},"modified":"2026-01-29T12:52:46","modified_gmt":"2026-01-29T11:52:46","slug":"moerings-vijverlava-15-liter","status":"publish","type":"product","link":"https:\/\/tuincentrumdrunen.nl\/nl\/product\/moerings-vijverlava-15-liter\/","title":{"rendered":"Moerings Vijverlava 15 Liter"},"content":{"rendered":"<p>Moerings Vijverlava is een hoogkwalitatieve gewassen lava. Het is een substraat dat zowel op de vijverbodem als in het filter gebruikt kan worden. Dankzij de vulkanische oorsprong en de extreem hoge temperaturen waarbij ze zijn ontstaan zijn de lavabrokjes zeer poreus. Moerings Vijverlava is veilig voor planten en vissen.<\/p>\n<p>De talkrijke pori\u00ebn van dit gesteente bieden ruimte voor de ontwikkeling van miljarden water zuiverende bacteri\u00ebn. Door Moerings Vijverlava te gebruiken op de vijverbodem en in het filter, kunnen de bacteri\u00ebn zich vermenigvuldigen en wordt het zelfreinigend<br \/>\nvermogen van de vijver sterk vergroot. De aangepaste korrelgrootte zorgt voor een optimale doorstroming van het water door het filter. Tevens zorgt het voor<br \/>\neen maximale porositeit en snellere afbraak van het bezinksel op de vijverbodem.<\/p>\n<p>Moerings Vijverlava is ideaal als verankeringssubstraat voor zuurstofplanten en moerasplanten. Dit poreuze substraat maakt een goede doorstroming van zuurstofrijk water mogelijk voor gezonde wortels en een goede groei. Moerings Vijverlava wordt ook gebruikt om plantmanden met waterlelies, geplant in Moerings Bio Korrel of Moerings Vijveraarde af te dekken.<\/p>\n<p>Gebruiksaanwijzing:<br \/>\n<strong>Op de vijverbodem:<\/strong><br \/>\n\u2022 Strooi Moerings Vijverlava v\u00f3\u00f3r het vullen van de vijver<br \/>\n\u2022 Bedek de volledige vijverbodem met een laag van 3-5 cm dikte<br \/>\n\u2022 Gebruik Moerings Vijverlava op andere vlakke niveaus in de vijver om het wegglijden van plantmanden te voorkomen<\/p>\n<p><strong>In plantmanden<\/strong><br \/>\n\u2022 Gebruik Moerings Vijverlava als plantsubstraat voor zuurstofplanten en snelgroeiende moerasplanten<br \/>\n\u2022 Bedek de bodem van de plantmand met een laagje Moerings Vijverlava en zet de plant erin en vul verder aan.<br \/>\n\u2022 Gebruik Moerings Vijverlava ook om plantmanden met waterlelies, geplant in Moerings Vijveraarde of Moerings Bio Korrel af te dekken.<\/p>\n<p><strong>In de filter<\/strong><br \/>\n\u2022 Zorg dat de grootte van uw filter aangepast is aan het totaal watervolume van de vijver<br \/>\n\u2022 Gebruik Moerings Vijverlava als biologisch zuiveringssubstraat in het filter (zowel in meerkamerfilters als ook in helofytenfilters)<br \/>\nDoor de wrijving tijdens het transport kan Moerings Vijverlava een fijne lavastof bevatten en bij het vullen van de vijver het water tijdelijk troebel maken. Dit is totaal onschadelijk en verdwijnt snel.<\/p>","protected":false},"excerpt":{"rendered":"<p>Moerings Vijverlava is een hoogkwalitatieve gewassen lava.<\/p>","protected":false},"featured_media":4902,"comment_status":"open","ping_status":"closed","template":"","meta":{"_acf_changed":false},"product_brand":[227],"product_cat":[166,107],"product_tag":[284,288,286,287,285],"berocket_brand":[210],"class_list":{"0":"post-4901","1":"product","2":"type-product","3":"status-publish","4":"has-post-thumbnail","6":"product_brand-natuurlijk-moerings","7":"product_cat-natuurlijk-moerings","8":"product_cat-vijver","9":"product_tag-moerings","10":"product_tag-vijverlava","11":"product_tag-vijverwater","12":"product_tag-waterkwaliteit","13":"product_tag-watertesten","14":"berocket_brand-natuurlijk-moerings","16":"first","17":"instock","18":"shipping-taxable","19":"product-type-simple"},"acf":[],"tiered_pricing_type":"fixed","tiered_pricing_fixed_rules":[],"tiered_pricing_product_settings":{"layout":"default","base_unit_name":{"singular":null,"plural":null},"default_variation":null},"tiered_pricing_minimum_quantity":null,"tiered_pricing_roles_data":[],"tiered_pricing_percentage_rules":[],"_links":{"self":[{"href":"https:\/\/tuincentrumdrunen.nl\/nl\/wp-json\/wp\/v2\/product\/4901","targetHints":{"allow":["GET"]}}],"collection":[{"href":"https:\/\/tuincentrumdrunen.nl\/nl\/wp-json\/wp\/v2\/product"}],"about":[{"href":"https:\/\/tuincentrumdrunen.nl\/nl\/wp-json\/wp\/v2\/types\/product"}],"replies":[{"embeddable":true,"href":"https:\/\/tuincentrumdrunen.nl\/nl\/wp-json\/wp\/v2\/comments?post=4901"}],"wp:featuredmedia":[{"embeddable":true,"href":"https:\/\/tuincentrumdrunen.nl\/nl\/wp-json\/wp\/v2\/media\/4902"}],"wp:attachment":[{"href":"https:\/\/tuincentrumdrunen.nl\/nl\/wp-json\/wp\/v2\/media?parent=4901"}],"wp:term":[{"taxonomy":"product_brand","embeddable":true,"href":"https:\/\/tuincentrumdrunen.nl\/nl\/wp-json\/wp\/v2\/product_brand?post=4901"},{"taxonomy":"product_cat","embeddable":true,"href":"https:\/\/tuincentrumdrunen.nl\/nl\/wp-json\/wp\/v2\/product_cat?post=4901"},{"taxonomy":"product_tag","embeddable":true,"href":"https:\/\/tuincentrumdrunen.nl\/nl\/wp-json\/wp\/v2\/product_tag?post=4901"},{"taxonomy":"berocket_brand","embeddable":true,"href":"https:\/\/tuincentrumdrunen.nl\/nl\/wp-json\/wp\/v2\/berocket_brand?post=4901"}],"curies":[{"name":"wp","href":"https:\/\/api.w.org\/{rel}","templated":true}]}}