{"id":5367,"date":"2025-09-16T12:24:40","date_gmt":"2025-09-16T10:24:40","guid":{"rendered":"https:\/\/tuincentrumdrunen.nl\/product\/spade-gehard-staal\/"},"modified":"2026-01-28T16:16:36","modified_gmt":"2026-01-28T15:16:36","slug":"spade-gehard-staal","status":"publish","type":"product","link":"https:\/\/tuincentrumdrunen.nl\/nl\/product\/spade-gehard-staal\/","title":{"rendered":"Spade"},"content":{"rendered":"<div class=\"page-title-wrapper product\">\n<h1 class=\"page-title\"><span class=\"base\" style=\"font-size: 12pt;\" data-ui-id=\"page-title-wrapper\">Spade \u2013 Gehard staal \u2013 Essenhouten steel \u2013 76 cm<\/span><\/h1>\n<\/div>\n<div class=\"product attribute description\">\n<div class=\"value\">\n<p>Gebruik deze spade van Talen Tools voor meerdere klussen in je tuin. Spit een of twee steken diep, om planten voldoende zuurstof te geven. Wanneer de grond hard is en weinig water doorlaat, is het raadzaam om twee steken diep te spitten. Ook voor de gewassen en planten in de moestuin is genoeg ruimte voor groei belangrijk. Een luchtige grond geeft meer zuurstof, wat resulteert in een betere oogst en groei. Wanneer de grond tot twee steken diep losser is, wortelen planten gemakkelijker. Deze spade is voorzien van een zwanenhals, zodat de essenhouten steel stevig gemonteerd is en bestand is tegen de impact van zware grond.<\/p>\n<p><strong>Spade met epoxy coating<\/strong><br \/>\nDe scherpe snede van het werkblad wordt beschermd door een sterke epoxy coating. Door deze coating blijft het werkblad langdurig slijtvast en zorgen vuil en vocht minder snel voor roestvorming. De coating doet langer z\u2019n werk wanneer je na gebruik van de spade deze goed schoon- en droogmaakt. Hoe scherper het blad van de spade blijft, hoe minder inspanning je levert om in de grond te spitten. Naast het spitten, gebruik je deze spade bijvoorbeeld ook voor het afsteken van je gazon. Zorg voor een fraaie tuin met een strakke look, door goed afgewerkte gazonborders.<\/p>\n<p><strong>Juiste steellengte van de spade<\/strong><br \/>\nVeel klusjes en werkzaamheden in de tuin vragen inspanning van je lichaam. Spieren en gewrichten krijgen het soms zwaar te verduren. Daarom zijn een juiste steellengte, een scherp werkblad en een comfortabele steelgreep van grote waarde voor minder fysieke ongemakken. De steel van deze spade is 76 centimeter lang. Wanneer je de spade in de grond spit en deze bijna rechtop staat, moet jij ook rechtop staan wanneer je de T-greep vasthoudt. Over het algemeen heb je dan de juiste steellengte te pakken. Trek de schacht daarna naar achteren en buig je knie\u00ebn. Je tilt de spade vervolgens weer op als je de knie\u00ebn opnieuw strekt. Focus op de houding van je knie\u00ebn, om de druk op je rug tijdens de werkzaamheden te verlichten.<\/p>\n<p><strong>Belangrijkste voordelen van de Talen Tools spade<\/strong><\/p>\n<p>\u2022 Sterk werkblad van gehard staal met epoxy coating<br \/>\n\u2022 Zwanenhals zorgt voor extra stevigheid<br \/>\n\u2022 Met T-greep om extra druk te zetten<\/p>\n<\/div>\n<\/div>","protected":false},"excerpt":{"rendered":"<p>Spade gehard staal<\/p>","protected":false},"featured_media":5368,"comment_status":"open","ping_status":"closed","template":"","meta":{"_acf_changed":false},"product_brand":[234],"product_cat":[59,129],"product_tag":[299,298,297,309,295,296],"berocket_brand":[222],"class_list":{"0":"post-5367","1":"product","2":"type-product","3":"status-publish","4":"has-post-thumbnail","6":"product_brand-talentools","7":"product_cat-tuinartikelen","8":"product_cat-tuingereedschap","9":"product_tag-drunen","10":"product_tag-gereedschap","11":"product_tag-kwaliteit","12":"product_tag-spade","13":"product_tag-talentools","14":"product_tag-tuingereedschap","15":"berocket_brand-talentools","17":"first","18":"instock","19":"shipping-taxable","20":"product-type-simple"},"acf":[],"tiered_pricing_type":"fixed","tiered_pricing_fixed_rules":[],"tiered_pricing_product_settings":{"layout":"default","base_unit_name":{"singular":null,"plural":null},"default_variation":null},"tiered_pricing_minimum_quantity":null,"tiered_pricing_roles_data":[],"tiered_pricing_percentage_rules":[],"_links":{"self":[{"href":"https:\/\/tuincentrumdrunen.nl\/nl\/wp-json\/wp\/v2\/product\/5367","targetHints":{"allow":["GET"]}}],"collection":[{"href":"https:\/\/tuincentrumdrunen.nl\/nl\/wp-json\/wp\/v2\/product"}],"about":[{"href":"https:\/\/tuincentrumdrunen.nl\/nl\/wp-json\/wp\/v2\/types\/product"}],"replies":[{"embeddable":true,"href":"https:\/\/tuincentrumdrunen.nl\/nl\/wp-json\/wp\/v2\/comments?post=5367"}],"wp:featuredmedia":[{"embeddable":true,"href":"https:\/\/tuincentrumdrunen.nl\/nl\/wp-json\/wp\/v2\/media\/5368"}],"wp:attachment":[{"href":"https:\/\/tuincentrumdrunen.nl\/nl\/wp-json\/wp\/v2\/media?parent=5367"}],"wp:term":[{"taxonomy":"product_brand","embeddable":true,"href":"https:\/\/tuincentrumdrunen.nl\/nl\/wp-json\/wp\/v2\/product_brand?post=5367"},{"taxonomy":"product_cat","embeddable":true,"href":"https:\/\/tuincentrumdrunen.nl\/nl\/wp-json\/wp\/v2\/product_cat?post=5367"},{"taxonomy":"product_tag","embeddable":true,"href":"https:\/\/tuincentrumdrunen.nl\/nl\/wp-json\/wp\/v2\/product_tag?post=5367"},{"taxonomy":"berocket_brand","embeddable":true,"href":"https:\/\/tuincentrumdrunen.nl\/nl\/wp-json\/wp\/v2\/berocket_brand?post=5367"}],"curies":[{"name":"wp","href":"https:\/\/api.w.org\/{rel}","templated":true}]}}